{"id":102,"date":"2015-07-20T12:22:26","date_gmt":"2015-07-20T10:22:26","guid":{"rendered":"http:\/\/www.contrammobilita.it\/?page_id=102"},"modified":"2023-11-13T10:39:21","modified_gmt":"2023-11-13T09:39:21","slug":"la-privacy-policy-di-contram-mobilita-s-c-p-a","status":"publish","type":"page","link":"https:\/\/www.contrammobilita.it\/index.php\/la-privacy-policy-di-contram-mobilita-s-c-p-a\/","title":{"rendered":"La Privacy Policy di CONTRAM Mobilit\u00e0 S.c.p.a."},"content":{"rendered":"<div class=\"fusion-fullwidth fullwidth-box fusion-builder-row-1 hundred-percent-fullwidth non-hundred-percent-height-scrolling\" style=\"--awb-border-radius-top-left:0px;--awb-border-radius-top-right:0px;--awb-border-radius-bottom-right:0px;--awb-border-radius-bottom-left:0px;--awb-overflow:visible;--awb-flex-wrap:wrap;\" ><div class=\"fusion-builder-row fusion-row\"><div class=\"fusion-layout-column fusion_builder_column fusion-builder-column-0 fusion_builder_column_1_1 1_1 fusion-one-full fusion-column-first fusion-column-last fusion-column-no-min-height\" style=\"--awb-bg-size:cover;--awb-margin-bottom:0px;\"><div class=\"fusion-column-wrapper fusion-flex-column-wrapper-legacy\"><div class=\"fusion-text fusion-text-1\"><h3>PERCHE&#8221; QUESTO AVVISO<\/h3>\n<p> In questa pagina si descrivono le modalit\u00e0 di gestione del sito in riferimento al trattamento dei dati\u00a0personali degli utenti che lo consultano.<br \/>\n Si tratta di un&#8221;informativa che \u00e8 resa anche ai sensi dell&#8221;art. 13 del d.lg. n. 196\/2003 &#8211; Codice in materia di\u00a0protezione dei dati personali a coloro che interagiscono con i servizi web del portale Contram Mobilit\u00e0 per\u00a0via telematica a partire dall&#8221;indirizzo:<br \/>\n <a href=\"http:\/\/www.contrammobilita.it\" target=\"_blank\" rel=\"noopener\">http:\/\/www.contrammobilita.it<\/a><br \/>\n L&#8221;informativa \u00e8 resa solo per il sito istituzionale e non anche per altri siti web eventualmente consultati\u00a0dall&#8221;utente tramite link.<br \/>\n L&#8221;informativa si ispira anche alla Raccomandazione n. 2\/2001 che le autorit\u00e0 europee per la protezione dei\u00a0dati personali, riunite nel Gruppo istituito dall&#8221;art. 29 della direttiva n. 95\/46\/CE, hanno adottato il 17\u00a0maggio 2001 per individuare alcuni requisiti minimi per la raccolta di dati personali on-line, e, in particolare,\u00a0le modalit\u00e0, i tempi e la natura delle informazioni che i titolari del trattamento devono fornire agli utenti\u00a0quando questi si collegano a pagine web, indipendentemente dagli scopi del collegamento.<\/p>\n<h3>IL &#8220;TITOLARE&#8221; DEL TRATTAMENTO<\/h3>\n<p> A seguito della consultazione di questo sito possono essere trattati dati relativi a persone identificate o\u00a0identificabili.\u00a0Il &#8220;titolare&#8221; del loro trattamento \u00e8 Contram Mobilit\u00e0 s.c.p.a., con sede in Camerino (MC), via Le Mosse 19.<\/p>\n<h3>RESPONSABILE DEL TRATTAMENTO<\/h3>\n<p> Responsabile del trattamento \u00e8 l\u2019Avvocato Mario Pollicelli.<\/p>\n<h3>LUOGO DI TRATTAMENTO DEI DATI<\/h3>\n<p> I trattamenti connessi ai servizi web di questo sito hanno luogo presso la sede di Camerino e sono curati\u00a0solo da personale tecnico incaricato del trattamento.<\/p>\n<h3>TIPI DI DATI TRATTATI<\/h3>\n<p> <strong>Dati di navigazione<\/strong><br \/>\n I sistemi informatici e le procedure software preposte al funzionamento di questo sito web acquisiscono,\u00a0nel corso del loro normale esercizio, alcuni dati personali la cui trasmissione \u00e8 implicita nell&#8221;uso dei\u00a0protocolli di comunicazione di Internet.<br \/>\n Si tratta di informazioni che non sono raccolte per essere associate a interessati identificati, ma che per loro\u00a0stessa natura potrebbero, attraverso elaborazioni ed associazioni con dati detenuti da terzi, permettere di\u00a0identificare gli utenti.<br \/>\n In questa categoria di dati rientrano gli indirizzi IP o i nomi a dominio dei computer utilizzati dagli utenti che\u00a0si connettono al sito, gli indirizzi URI (Uniform Resource Identifier) delle risorse richieste, l&#8221;orario della\u00a0richiesta, il metodo utilizzato nel sottoporre la richiesta al server, la dimensione del file ottenuto in risposta,\u00a0il codice numerico indicante lo stato della risposta data dal server (buon fine, errore, ecc.) ed altri parametri\u00a0relativi al sistema operativo e all&#8221;ambiente informatico dell&#8221;utente.\u00a0Questi dati vengono utilizzati al solo fine di ricavare informazioni statistiche anonime sull&#8221;uso del sito e per\u00a0controllarne il corretto funzionamento e vengono cancellati immediatamente dopo l&#8221;elaborazione. I dati\u00a0potrebbero essere utilizzati per l&#8221;accertamento di responsabilit\u00e0 in caso di ipotetici reati informatici ai danni<br \/>\n del sito: salva questa eventualit\u00e0, allo stato i dati sui contatti web non persistono per pi\u00f9 di sette giorni.<\/p>\n<p> <strong>Dati forniti volontariamente dall&#8221;utente<\/strong><br \/>\n L&#8221;invio facoltativo, esplicito e volontario di posta elettronica agli indirizzi indicati su questo sito comporta la\u00a0successiva acquisizione dell&#8221;indirizzo del mittente, necessario per rispondere alle richieste, nonch\u00e9 degli\u00a0eventuali altri dati personali inseriti nella missiva.<br \/>\n Specifiche informative verranno progressivamente riportate o visualizzate nelle pagine del sito predisposte\u00a0per particolari servizi a richiesta.<\/p>\n<p> <strong>Cookies<\/strong><br \/>\n Viene fatto uso di cookies tecnici.<br \/>\n L&#8221;uso di c.d. cookies di sessione (che sono memorizzati in modo persistente sul computer dell&#8221;utente) \u00e8\u00a0strettamente limitato alla trasmissione di identificativi di sessione (costituiti da numeri casuali generati dal\u00a0server) necessari per consentire l&#8221;esplorazione sicura ed efficiente del sito.<\/p>\n<h3>FACOLTATIVITA&#8221; DEL CONFERIMENTO DEI DATI<\/h3>\n<p> A parte quanto specificato per i dati di navigazione, l&#8221;utente \u00e8 libero di fornire i dati personali riportati nei\u00a0moduli di richiesta per l&#8221;invio di materiale informativo o di altre comunicazioni.<br \/>\n Il loro mancato conferimento pu\u00f2 comportare l&#8221;impossibilit\u00e0 di ottenere quanto richiesto.<\/p>\n<h3>MODALITA&#8221; DEL TRATTAMENTO<\/h3>\n<p> I dati personali sono trattati con strumenti automatizzati per il tempo strettamente necessario a conseguire\u00a0gli scopi per cui sono stati raccolti.<br \/>\n Specifiche misure di sicurezza sono osservate per prevenire la perdita dei dati, usi illeciti o non corretti ed\u00a0accessi non autorizzati.<\/p>\n<h3>DIRITTI DEGLI INTERESSATI<\/h3>\n<p> I soggetti cui si riferiscono i dati personali hanno il diritto in qualunque momento di ottenere la conferma\u00a0dell&#8221;esistenza o meno dei medesimi dati e di conoscerne il contenuto e l&#8221;origine, verificarne l&#8221;esattezza o\u00a0chiederne l&#8221;integrazione o l&#8221;aggiornamento, oppure la rettificazione (articolo 7 del Codice in materia di\u00a0protezione dei dati personali).<br \/>\n Ai sensi del medesimo articolo si ha il diritto di chiedere la cancellazione, la trasformazione in forma\u00a0anonima o il blocco dei dati trattati in violazione di legge, nonch\u00e9 di opporsi in ogni caso, per motivi\u00a0legittimi, al loro trattamento.<br \/>\n Le richieste vanno rivolte:<br \/>\n &#8211; via e-mail, all&#8221;indirizzo: info@contrammobilita.it<br \/>\n &#8211; oppure via posta, a: Contram Mobilit\u00e0 s.c.p.a., via Le Mosse 19 62032 Camerino MC<\/p>\n<h3>P3P<\/h3>\n<p> La presente informativa sulla privacy \u00e8 consultabile in forma automatica dai pi\u00f9 recenti browser che\u00a0implementano lo standard P3P (&#8220;Platform for Privacy Preferences Project&#8221;) proposto dal World Wide Web\u00a0Consortium (www.w3c.org).<br \/>\n Ogni sforzo verr\u00e0 fatto per rendere il pi\u00f9 possibile interoperabili le funzionalit\u00e0 di questo sito con i\u00a0meccanismi di controllo automatico della privacy disponibili in alcuni prodotti utilizzati dagli utenti.<br \/>\n Considerando che lo stato di perfezionamento dei meccanismi automatici di controllo non li rende\u00a0attualmente esenti da errori e disfunzioni, si precisa che il presente documento, pubblicato all&#8221;indirizzo\u00a0costituisce la &#8220;Privacy Policy&#8221; di questo sito che sar\u00e0 soggetta ad aggiornamenti.<\/p>\n<\/div><div class=\"fusion-clearfix\"><\/div><\/div><\/div><\/div><\/div>\n","protected":false},"excerpt":{"rendered":"","protected":false},"author":1,"featured_media":0,"parent":0,"menu_order":0,"comment_status":"open","ping_status":"open","template":"","meta":{"footnotes":""},"class_list":["post-102","page","type-page","status-publish","hentry"],"yoast_head":"<!-- This site is optimized with the Yoast SEO plugin v27.2 - https:\/\/yoast.com\/product\/yoast-seo-wordpress\/ -->\n<title>La Privacy Policy di CONTRAM Mobilit\u00e0 S.c.p.a. - Contram Mobilit\u00e0<\/title>\n<meta name=\"robots\" content=\"index, follow, max-snippet:-1, max-image-preview:large, max-video-preview:-1\" \/>\n<link rel=\"canonical\" href=\"http:\/\/www.contrammobilita.it\/index.php\/la-privacy-policy-di-contram-mobilita-s-c-p-a\/\" \/>\n<meta property=\"og:locale\" content=\"it_IT\" \/>\n<meta property=\"og:type\" content=\"article\" \/>\n<meta property=\"og:title\" content=\"La Privacy Policy di CONTRAM Mobilit\u00e0 S.c.p.a. - Contram Mobilit\u00e0\" \/>\n<meta property=\"og:url\" content=\"http:\/\/www.contrammobilita.it\/index.php\/la-privacy-policy-di-contram-mobilita-s-c-p-a\/\" \/>\n<meta property=\"og:site_name\" content=\"Contram Mobilit\u00e0\" \/>\n<meta property=\"article:modified_time\" content=\"2023-11-13T09:39:21+00:00\" \/>\n<meta name=\"twitter:label1\" content=\"Tempo di lettura stimato\" \/>\n\t<meta name=\"twitter:data1\" content=\"5 minuti\" \/>\n<script type=\"application\/ld+json\" class=\"yoast-schema-graph\">{\"@context\":\"https:\/\/schema.org\",\"@graph\":[{\"@type\":\"WebPage\",\"@id\":\"http:\/\/www.contrammobilita.it\/index.php\/la-privacy-policy-di-contram-mobilita-s-c-p-a\/\",\"url\":\"http:\/\/www.contrammobilita.it\/index.php\/la-privacy-policy-di-contram-mobilita-s-c-p-a\/\",\"name\":\"La Privacy Policy di CONTRAM Mobilit\u00e0 S.c.p.a. - Contram Mobilit\u00e0\",\"isPartOf\":{\"@id\":\"http:\/\/www.contrammobilita.it\/#website\"},\"datePublished\":\"2015-07-20T10:22:26+00:00\",\"dateModified\":\"2023-11-13T09:39:21+00:00\",\"breadcrumb\":{\"@id\":\"http:\/\/www.contrammobilita.it\/index.php\/la-privacy-policy-di-contram-mobilita-s-c-p-a\/#breadcrumb\"},\"inLanguage\":\"it-IT\",\"potentialAction\":[{\"@type\":\"ReadAction\",\"target\":[\"http:\/\/www.contrammobilita.it\/index.php\/la-privacy-policy-di-contram-mobilita-s-c-p-a\/\"]}]},{\"@type\":\"BreadcrumbList\",\"@id\":\"http:\/\/www.contrammobilita.it\/index.php\/la-privacy-policy-di-contram-mobilita-s-c-p-a\/#breadcrumb\",\"itemListElement\":[{\"@type\":\"ListItem\",\"position\":1,\"name\":\"Home\",\"item\":\"https:\/\/www.contrammobilita.it\/\"},{\"@type\":\"ListItem\",\"position\":2,\"name\":\"La Privacy Policy di CONTRAM Mobilit\u00e0 S.c.p.a.\"}]},{\"@type\":\"WebSite\",\"@id\":\"http:\/\/www.contrammobilita.it\/#website\",\"url\":\"http:\/\/www.contrammobilita.it\/\",\"name\":\"Contram Mobilit\u00e0\",\"description\":\"Societ\u00e0 di gestione del TPL extraurbano della provincia di Macerata\",\"potentialAction\":[{\"@type\":\"SearchAction\",\"target\":{\"@type\":\"EntryPoint\",\"urlTemplate\":\"http:\/\/www.contrammobilita.it\/?s={search_term_string}\"},\"query-input\":{\"@type\":\"PropertyValueSpecification\",\"valueRequired\":true,\"valueName\":\"search_term_string\"}}],\"inLanguage\":\"it-IT\"}]}<\/script>\n<!-- \/ Yoast SEO plugin. -->","yoast_head_json":{"title":"La Privacy Policy di CONTRAM Mobilit\u00e0 S.c.p.a. - Contram Mobilit\u00e0","robots":{"index":"index","follow":"follow","max-snippet":"max-snippet:-1","max-image-preview":"max-image-preview:large","max-video-preview":"max-video-preview:-1"},"canonical":"http:\/\/www.contrammobilita.it\/index.php\/la-privacy-policy-di-contram-mobilita-s-c-p-a\/","og_locale":"it_IT","og_type":"article","og_title":"La Privacy Policy di CONTRAM Mobilit\u00e0 S.c.p.a. - Contram Mobilit\u00e0","og_url":"http:\/\/www.contrammobilita.it\/index.php\/la-privacy-policy-di-contram-mobilita-s-c-p-a\/","og_site_name":"Contram Mobilit\u00e0","article_modified_time":"2023-11-13T09:39:21+00:00","twitter_misc":{"Tempo di lettura stimato":"5 minuti"},"schema":{"@context":"https:\/\/schema.org","@graph":[{"@type":"WebPage","@id":"http:\/\/www.contrammobilita.it\/index.php\/la-privacy-policy-di-contram-mobilita-s-c-p-a\/","url":"http:\/\/www.contrammobilita.it\/index.php\/la-privacy-policy-di-contram-mobilita-s-c-p-a\/","name":"La Privacy Policy di CONTRAM Mobilit\u00e0 S.c.p.a. - Contram Mobilit\u00e0","isPartOf":{"@id":"http:\/\/www.contrammobilita.it\/#website"},"datePublished":"2015-07-20T10:22:26+00:00","dateModified":"2023-11-13T09:39:21+00:00","breadcrumb":{"@id":"http:\/\/www.contrammobilita.it\/index.php\/la-privacy-policy-di-contram-mobilita-s-c-p-a\/#breadcrumb"},"inLanguage":"it-IT","potentialAction":[{"@type":"ReadAction","target":["http:\/\/www.contrammobilita.it\/index.php\/la-privacy-policy-di-contram-mobilita-s-c-p-a\/"]}]},{"@type":"BreadcrumbList","@id":"http:\/\/www.contrammobilita.it\/index.php\/la-privacy-policy-di-contram-mobilita-s-c-p-a\/#breadcrumb","itemListElement":[{"@type":"ListItem","position":1,"name":"Home","item":"https:\/\/www.contrammobilita.it\/"},{"@type":"ListItem","position":2,"name":"La Privacy Policy di CONTRAM Mobilit\u00e0 S.c.p.a."}]},{"@type":"WebSite","@id":"http:\/\/www.contrammobilita.it\/#website","url":"http:\/\/www.contrammobilita.it\/","name":"Contram Mobilit\u00e0","description":"Societ\u00e0 di gestione del TPL extraurbano della provincia di Macerata","potentialAction":[{"@type":"SearchAction","target":{"@type":"EntryPoint","urlTemplate":"http:\/\/www.contrammobilita.it\/?s={search_term_string}"},"query-input":{"@type":"PropertyValueSpecification","valueRequired":true,"valueName":"search_term_string"}}],"inLanguage":"it-IT"}]}},"publishpress_future_action":{"enabled":false,"date":"2026-05-01 14:42:44","action":"change-status","newStatus":"draft","terms":[],"taxonomy":"","extraData":[]},"publishpress_future_workflow_manual_trigger":{"enabledWorkflows":[]},"_links":{"self":[{"href":"https:\/\/www.contrammobilita.it\/index.php\/wp-json\/wp\/v2\/pages\/102","targetHints":{"allow":["GET"]}}],"collection":[{"href":"https:\/\/www.contrammobilita.it\/index.php\/wp-json\/wp\/v2\/pages"}],"about":[{"href":"https:\/\/www.contrammobilita.it\/index.php\/wp-json\/wp\/v2\/types\/page"}],"author":[{"embeddable":true,"href":"https:\/\/www.contrammobilita.it\/index.php\/wp-json\/wp\/v2\/users\/1"}],"replies":[{"embeddable":true,"href":"https:\/\/www.contrammobilita.it\/index.php\/wp-json\/wp\/v2\/comments?post=102"}],"version-history":[{"count":1,"href":"https:\/\/www.contrammobilita.it\/index.php\/wp-json\/wp\/v2\/pages\/102\/revisions"}],"predecessor-version":[{"id":3180,"href":"https:\/\/www.contrammobilita.it\/index.php\/wp-json\/wp\/v2\/pages\/102\/revisions\/3180"}],"wp:attachment":[{"href":"https:\/\/www.contrammobilita.it\/index.php\/wp-json\/wp\/v2\/media?parent=102"}],"curies":[{"name":"wp","href":"https:\/\/api.w.org\/{rel}","templated":true}]}}