{"id":1977,"date":"2020-09-23T15:07:57","date_gmt":"2020-09-23T13:07:57","guid":{"rendered":"https:\/\/www.contrammobilita.it\/?page_id=1977"},"modified":"2025-08-27T14:07:09","modified_gmt":"2025-08-27T12:07:09","slug":"faqs","status":"publish","type":"page","link":"https:\/\/www.contrammobilita.it\/index.php\/faqs\/","title":{"rendered":"FAQs"},"content":{"rendered":"<div class=\"fusion-fullwidth fullwidth-box fusion-builder-row-1 hundred-percent-fullwidth non-hundred-percent-height-scrolling\" style=\"--awb-border-radius-top-left:0px;--awb-border-radius-top-right:0px;--awb-border-radius-bottom-right:0px;--awb-border-radius-bottom-left:0px;--awb-overflow:visible;--awb-flex-wrap:wrap;\" ><div class=\"fusion-builder-row fusion-row\"><div class=\"fusion-layout-column fusion_builder_column fusion-builder-column-0 fusion_builder_column_1_1 1_1 fusion-one-full fusion-column-first fusion-column-last\" style=\"--awb-padding-top:5px;--awb-padding-bottom:5px;--awb-bg-size:cover;--awb-margin-top:5px;\"><div class=\"fusion-column-wrapper fusion-flex-column-wrapper-legacy\"><div class=\"fusion-clearfix\"><\/div><\/div><\/div><div class=\"fusion-layout-column fusion_builder_column fusion-builder-column-1 fusion_builder_column_1_1 1_1 fusion-one-full fusion-column-first fusion-column-last\" style=\"--awb-bg-size:cover;\"><div class=\"fusion-column-wrapper fusion-flex-column-wrapper-legacy\"><div class=\"fusion-text fusion-text-1\"><p style=\"text-align: center;\"><span style=\"color: #000000;\"><strong>GENERAL FAQs<\/strong><\/span><\/p>\n<p><span style=\"color: #000000;\"><strong>1.Devo fare l&#8217;abbonamento per la prima volta. Non sono un utente Contram Mobilit\u00e0.<\/strong><\/span><\/p>\n<p><span style=\"color: #000000;\">Devi recarti presso una rivendita Contram Mobilit\u00e0 abilitata ad emettere Tessere Contram Mobilit\u00e0 ( vedi la voce &#8220;rivendite abilitate tessere\/annuali&#8221; in <a style=\"color: #000000;\" href=\"https:\/\/www.contrammobilita.it\/\">home page<\/a>). Per fare la tessere serve una fototessera (che sar\u00e0 scansionata e\u00a0 restituita) e il codice fiscale, il costo \u00e8 di 5,00 euro e la validit\u00e0 \u00e8 di 10 anni. Fatta questa operazione puoi procedere all&#8217;acquisto .<\/span><\/p>\n<p><span style=\"color: #000000;\"><strong>2. Come e dove compro\/rinnovo l&#8217;abbonamento?<\/strong><\/span><\/p>\n<p><span style=\"color: #000000;\">Puoi comprarlo on line direttamente sull&#8217;APP Contram Mobilit\u00e0 (gratuita) loggandoti con i tuoi dati di abbonato. Puoi comprarlo on line su : https:\/\/utenti.contrammobilita.it\/ loggandoti con i tuoi dati di abbonato. Puoi comprarlo presso una delle nostre rivendite ( vedi la voce &#8220;elenco rivendite&#8221; in <a style=\"color: #000000;\" href=\"https:\/\/www.contrammobilita.it\/\">home page<\/a>).<\/span><\/p>\n<p><span style=\"color: #000000;\"><strong>3. Quanto costa l&#8217;abbonamento?\u00a0<\/strong><\/span><\/p>\n<p><span style=\"color: #000000;\">Le tariffe sono pubbliche, le trovi in <a style=\"color: #000000;\" href=\"https:\/\/www.contrammobilita.it\/\">home page <\/a>alla voce: &#8220;Tariffe Contrammobilit\u00e0 dal 1\/09\/2022&#8221;.\u00a0Attenzione, gli abbonamenti si dividono tra ordinari e per studenti ed hanno importi differenti.\u00a0<\/span><\/p>\n<p><span style=\"color: #000000;\"><strong>4. Come funziona l&#8217;abbonamento annuale\u00a0 studenti ?<\/strong><\/span><\/p>\n<p><span style=\"color: #000000;\">Un abbonamento studenti <strong>annuale<\/strong> copre tutto l&#8217;anno, quindi viaggi per 12 mesi, ma economicamente lo paghi come fossero 7 mesi e mezzo. Con questo abbonamento puoi viaggiare in estate (quando la scuola \u00e8 finita) su tutti i bus della Regione Marche (anche su tratte non ricomprese nell&#8217;abbonamento). Le tariffe sono pubbliche, le trovi in <a style=\"color: #000000;\" href=\"https:\/\/www.contrammobilita.it\/\">home page <\/a>alla voce: &#8220;Tariffe Contrammobilit\u00e0 dal 1\/09\/2022&#8221;. <\/span><\/p>\n<p><strong><span style=\"color: #000000;\">5. Come funziona l&#8217;abbonamento mensile studenti ?<\/span><\/strong><\/p>\n<p><span style=\"color: #000000;\">Un abbonamento studenti <strong>mensile<\/strong> ha <strong>validit\u00e0 solare<\/strong>, quindi \u00e8 in vigore dal primo all&#8217;ultimo giorno del mese. Le tariffe sono pubbliche, le trovi in <a style=\"color: #000000;\" href=\"https:\/\/www.contrammobilita.it\/\">home page <\/a>alla voce: &#8220;Tariffe Contrammobilit\u00e0 dal 1\/09\/2022&#8221;.<\/span><\/p>\n<p><span style=\"color: #000000;\"><strong>6<\/strong>. <strong>Sono alla fermata, che autobus passano da qui?<\/strong><\/span><\/p>\n<p><span style=\"color: #000000;\">Scarica l&#8217;APP\u00a0 Contram Mobilit\u00e0 , attiva la modalit\u00e0 &#8220;posizione&#8221; del tuo cellulare , vai alla sezione &#8220;Mappa&#8221; dell&#8217;APP (icona a forma di mondo), clicka sulla fermata vicina alla tua posizione\u00a0 e vedrai tutti i bus in partenza con l&#8217;esatto orario di arrivo.\u00a0<\/span><\/p>\n<p><span style=\"color: #000000;\"><strong>6. Ho dei biglietti acquistati prima del 1 settembre 2022, sono validi?<\/strong><\/span><\/p>\n<p><span style=\"color: #000000;\">S\u00ec, tutti i titoli di viaggio restano validi anche con l&#8217;entrata in vigore delle nuove tariffe<\/span><\/p>\n<p><span style=\"color: #000000;\"><strong>7. L\u2019 autobus non \u00e8 passato!<\/strong><\/span><\/p>\n<p><span style=\"color: #000000;\">Quando sei alla fermata e non sei sicuro se il bus \u00e8 passato o se \u00e8 in ritardo, puoi facilmente verificarlo con l\u2019APP Contram Mobilit\u00e0: apri la mappa, cerchi la fermata in cui ti trovi (se attivi il rilevamento della posizione sul cellulare la individui immediatamente) clicki sulla fermata e vedi subito i bus che stanno per passare.<\/span><\/p>\n<p><span style=\"color: #000000;\"><strong>8. L&#8217;autobus non si \u00e8 fermato!<\/strong><\/span><\/p>\n<p><span style=\"color: #000000;\">Quando sei alla fermata su strada, sappi che l\u2019autista non pu\u00f2 sapere che tu devi prendere esattamente quel bus. Fai un cenno con il braccio, fatti vedere e prenota la fermata. Se invece sei a bordo prenota la discesa con l\u2019apposito pulsante. Mi raccomando se sai che passer\u00e0 pi\u00f9 di un bus per la tua destinazione, NON arrischiarti ad aspettare l\u2019ultimo bus, trovati alla fermata sempre con qualche minuto di anticipo e sfrutta la PRIMA soluzione disponibile.<\/span><\/p>\n<p><strong><span style=\"color: #000000;\">9. Gli orari che trovo sull&#8217;APP sono diversi da quelli che vedo su Google!<\/span><\/strong><\/p>\n<p><span style=\"color: #000000;\">Il database tra APP, sito e Google \u00e8 lo stesso. Controlla di avere inserito esattamente la stessa fermata in ambo i casi. Se la fermata non \u00e8 esattamente la stessa, gli orari potrebbero differire di qualche minuto, oppure se non hai digitato bene, google potrebbe non capire di che fermata si tratta, quindi ti suggerir\u00e0 di camminare fino a che non raggiungi la fermata pi\u00f9 vicina. Basta clickare sulle specifiche della soluzione proposta, o visualizzarle sulla mappa per capire.<\/span><\/p>\n<p><span style=\"color: #000000;\"><strong>10. Nel bus voglio stare seduto!<\/strong><\/span><\/p>\n<p><span style=\"color: #000000;\">Gli autobus hanno una capienza totale regolare che comprende sia posti a SEDERE che posti IN PIEDI. S\u00ec hai capito bene, a bordo della maggior parte dei bus si pu\u00f2 viaggiare per legge sia seduti che in piedi, non \u00e8 quindi possibile che tutti possano stare seduti. L\u2019autobus ti sembrer\u00e0 troppo pieno con la gente in piedi ma sappi che \u00e8 regolare viaggiare con un certo numero di passeggeri in piedi, come accade ad esempio nelle metropolitane. E\u2019 buona regola ovviamente occupare prioritariamente i posti a sedere e fare sedere chi ne ha pi\u00f9 bisogno.<\/span><\/p>\n<p><span style=\"color: #000000;\"><strong>11. Ho preso una multa cosa devo fare ?<\/strong><\/span><\/p>\n<p><span style=\"color: #000000;\">Sul retro della sanzione troverai tutte le indicazioni<\/span><\/p>\n<\/div><div class=\"fusion-clearfix\"><\/div><\/div><\/div><\/div><\/div>\n","protected":false},"excerpt":{"rendered":"","protected":false},"author":3,"featured_media":0,"parent":0,"menu_order":0,"comment_status":"closed","ping_status":"closed","template":"","meta":{"footnotes":""},"class_list":["post-1977","page","type-page","status-publish","hentry"],"yoast_head":"<!-- This site is optimized with the Yoast SEO plugin v27.2 - https:\/\/yoast.com\/product\/yoast-seo-wordpress\/ -->\n<title>FAQs - Contram Mobilit\u00e0<\/title>\n<meta name=\"robots\" content=\"index, follow, max-snippet:-1, max-image-preview:large, max-video-preview:-1\" \/>\n<link rel=\"canonical\" href=\"https:\/\/www.contrammobilita.it\/index.php\/faqs\/\" \/>\n<meta property=\"og:locale\" content=\"it_IT\" \/>\n<meta property=\"og:type\" content=\"article\" \/>\n<meta property=\"og:title\" content=\"FAQs - Contram Mobilit\u00e0\" \/>\n<meta property=\"og:url\" content=\"https:\/\/www.contrammobilita.it\/index.php\/faqs\/\" \/>\n<meta property=\"og:site_name\" content=\"Contram Mobilit\u00e0\" \/>\n<meta property=\"article:modified_time\" content=\"2025-08-27T12:07:09+00:00\" \/>\n<meta name=\"twitter:label1\" content=\"Tempo di lettura stimato\" \/>\n\t<meta name=\"twitter:data1\" content=\"5 minuti\" \/>\n<script type=\"application\/ld+json\" class=\"yoast-schema-graph\">{\"@context\":\"https:\/\/schema.org\",\"@graph\":[{\"@type\":\"WebPage\",\"@id\":\"https:\/\/www.contrammobilita.it\/index.php\/faqs\/\",\"url\":\"https:\/\/www.contrammobilita.it\/index.php\/faqs\/\",\"name\":\"FAQs - Contram Mobilit\u00e0\",\"isPartOf\":{\"@id\":\"http:\/\/www.contrammobilita.it\/#website\"},\"datePublished\":\"2020-09-23T13:07:57+00:00\",\"dateModified\":\"2025-08-27T12:07:09+00:00\",\"breadcrumb\":{\"@id\":\"https:\/\/www.contrammobilita.it\/index.php\/faqs\/#breadcrumb\"},\"inLanguage\":\"it-IT\",\"potentialAction\":[{\"@type\":\"ReadAction\",\"target\":[\"https:\/\/www.contrammobilita.it\/index.php\/faqs\/\"]}]},{\"@type\":\"BreadcrumbList\",\"@id\":\"https:\/\/www.contrammobilita.it\/index.php\/faqs\/#breadcrumb\",\"itemListElement\":[{\"@type\":\"ListItem\",\"position\":1,\"name\":\"Home\",\"item\":\"https:\/\/www.contrammobilita.it\/\"},{\"@type\":\"ListItem\",\"position\":2,\"name\":\"FAQs\"}]},{\"@type\":\"WebSite\",\"@id\":\"http:\/\/www.contrammobilita.it\/#website\",\"url\":\"http:\/\/www.contrammobilita.it\/\",\"name\":\"Contram Mobilit\u00e0\",\"description\":\"Societ\u00e0 di gestione del TPL extraurbano della provincia di Macerata\",\"potentialAction\":[{\"@type\":\"SearchAction\",\"target\":{\"@type\":\"EntryPoint\",\"urlTemplate\":\"http:\/\/www.contrammobilita.it\/?s={search_term_string}\"},\"query-input\":{\"@type\":\"PropertyValueSpecification\",\"valueRequired\":true,\"valueName\":\"search_term_string\"}}],\"inLanguage\":\"it-IT\"}]}<\/script>\n<!-- \/ Yoast SEO plugin. -->","yoast_head_json":{"title":"FAQs - Contram Mobilit\u00e0","robots":{"index":"index","follow":"follow","max-snippet":"max-snippet:-1","max-image-preview":"max-image-preview:large","max-video-preview":"max-video-preview:-1"},"canonical":"https:\/\/www.contrammobilita.it\/index.php\/faqs\/","og_locale":"it_IT","og_type":"article","og_title":"FAQs - Contram Mobilit\u00e0","og_url":"https:\/\/www.contrammobilita.it\/index.php\/faqs\/","og_site_name":"Contram Mobilit\u00e0","article_modified_time":"2025-08-27T12:07:09+00:00","twitter_misc":{"Tempo di lettura stimato":"5 minuti"},"schema":{"@context":"https:\/\/schema.org","@graph":[{"@type":"WebPage","@id":"https:\/\/www.contrammobilita.it\/index.php\/faqs\/","url":"https:\/\/www.contrammobilita.it\/index.php\/faqs\/","name":"FAQs - Contram Mobilit\u00e0","isPartOf":{"@id":"http:\/\/www.contrammobilita.it\/#website"},"datePublished":"2020-09-23T13:07:57+00:00","dateModified":"2025-08-27T12:07:09+00:00","breadcrumb":{"@id":"https:\/\/www.contrammobilita.it\/index.php\/faqs\/#breadcrumb"},"inLanguage":"it-IT","potentialAction":[{"@type":"ReadAction","target":["https:\/\/www.contrammobilita.it\/index.php\/faqs\/"]}]},{"@type":"BreadcrumbList","@id":"https:\/\/www.contrammobilita.it\/index.php\/faqs\/#breadcrumb","itemListElement":[{"@type":"ListItem","position":1,"name":"Home","item":"https:\/\/www.contrammobilita.it\/"},{"@type":"ListItem","position":2,"name":"FAQs"}]},{"@type":"WebSite","@id":"http:\/\/www.contrammobilita.it\/#website","url":"http:\/\/www.contrammobilita.it\/","name":"Contram Mobilit\u00e0","description":"Societ\u00e0 di gestione del TPL extraurbano della provincia di Macerata","potentialAction":[{"@type":"SearchAction","target":{"@type":"EntryPoint","urlTemplate":"http:\/\/www.contrammobilita.it\/?s={search_term_string}"},"query-input":{"@type":"PropertyValueSpecification","valueRequired":true,"valueName":"search_term_string"}}],"inLanguage":"it-IT"}]}},"publishpress_future_action":{"enabled":false,"date":"2026-05-24 05:04:11","action":"change-status","newStatus":"draft","terms":[],"taxonomy":"","extraData":[]},"publishpress_future_workflow_manual_trigger":{"enabledWorkflows":[]},"_links":{"self":[{"href":"https:\/\/www.contrammobilita.it\/index.php\/wp-json\/wp\/v2\/pages\/1977","targetHints":{"allow":["GET"]}}],"collection":[{"href":"https:\/\/www.contrammobilita.it\/index.php\/wp-json\/wp\/v2\/pages"}],"about":[{"href":"https:\/\/www.contrammobilita.it\/index.php\/wp-json\/wp\/v2\/types\/page"}],"author":[{"embeddable":true,"href":"https:\/\/www.contrammobilita.it\/index.php\/wp-json\/wp\/v2\/users\/3"}],"replies":[{"embeddable":true,"href":"https:\/\/www.contrammobilita.it\/index.php\/wp-json\/wp\/v2\/comments?post=1977"}],"version-history":[{"count":54,"href":"https:\/\/www.contrammobilita.it\/index.php\/wp-json\/wp\/v2\/pages\/1977\/revisions"}],"predecessor-version":[{"id":3728,"href":"https:\/\/www.contrammobilita.it\/index.php\/wp-json\/wp\/v2\/pages\/1977\/revisions\/3728"}],"wp:attachment":[{"href":"https:\/\/www.contrammobilita.it\/index.php\/wp-json\/wp\/v2\/media?parent=1977"}],"curies":[{"name":"wp","href":"https:\/\/api.w.org\/{rel}","templated":true}]}}