{"id":2098,"date":"2021-01-20T14:16:19","date_gmt":"2021-01-20T13:16:19","guid":{"rendered":"https:\/\/www.contrammobilita.it\/?page_id=2098"},"modified":"2023-11-13T10:39:18","modified_gmt":"2023-11-13T09:39:18","slug":"decalogo-contram-mobilita-n2","status":"publish","type":"page","link":"https:\/\/www.contrammobilita.it\/index.php\/decalogo-contram-mobilita-n2\/","title":{"rendered":"DECALOGO CONTRAM MOBILITA&#8217; N\u00b02"},"content":{"rendered":"<p>La mascherina \u00e8 un requisito obbligatorio. Senza mascherina, non si viaggia. La mascherina \u00e8 obbligatoria sia in fermata che a bordo, deve essere indossata correttamente (a coprire sia naso che bocca) e deve essere tenuta per tutto il tempo del viaggio. (Solo i minori di 6 anni e persone che hanno problemi di salute sono esentati)<\/p>\n<p>Raccomandiamo inoltre di mantenere sempre le distanze di sicurezza e non creare assembramenti.<\/p>\n<p>Contram Mobilit\u00e0 ha impiegato e continuer\u00e0 ad impiegare (su base delle indicazioni e normative attuali) degli stewart e buona parte del suo personale addetto alle verifiche dei titoli di viaggio solo per monitorare il rispetto delle normative anti-Covid alle fermate principali ed ai Terminal. Queste attivit\u00e0 di monitoraggio straordinario, se pure in misura ridotta, continueranno anche nei giorni a seguire.<\/p>\n<p>Si ricorda ai gentili utenti che la responsabilit\u00e0 del contenimento dei rischi di contagio \u00e8 attribuita a tutti i singoli componenti della collettivit\u00e0 ai quali, anche, si richiede una misurata a fattiva collaborazione. Un utente senza mascherina non va ammesso a bordo; se fosse in qualche modo salito, sar\u00e0 tenuto a scendere alla prima occasione utile.<\/p>\n","protected":false},"excerpt":{"rendered":"<p>La mascherina \u00e8 un requisito obbligatorio. Senza mascherina, non si viaggia. La mascherina \u00e8 obbligatoria sia in fermata che a bordo, deve essere indossata correttamente (a coprire sia naso che bocca) e deve essere tenuta per tutto il tempo del viaggio. (Solo i minori di 6 anni e persone che hanno problemi di salute sono  [&#8230;]<\/p>\n","protected":false},"author":3,"featured_media":0,"parent":0,"menu_order":0,"comment_status":"closed","ping_status":"closed","template":"","meta":{"footnotes":""},"class_list":["post-2098","page","type-page","status-publish","hentry"],"yoast_head":"<!-- This site is optimized with the Yoast SEO plugin v27.2 - https:\/\/yoast.com\/product\/yoast-seo-wordpress\/ -->\n<title>DECALOGO CONTRAM MOBILITA&#039; N\u00b02 - Contram Mobilit\u00e0<\/title>\n<meta name=\"robots\" content=\"index, follow, max-snippet:-1, max-image-preview:large, max-video-preview:-1\" \/>\n<link rel=\"canonical\" href=\"http:\/\/www.contrammobilita.it\/index.php\/decalogo-contram-mobilita-n2\/\" \/>\n<meta property=\"og:locale\" content=\"it_IT\" \/>\n<meta property=\"og:type\" content=\"article\" \/>\n<meta property=\"og:title\" content=\"DECALOGO CONTRAM MOBILITA&#039; N\u00b02 - Contram Mobilit\u00e0\" \/>\n<meta property=\"og:description\" content=\"La mascherina \u00e8 un requisito obbligatorio. Senza mascherina, non si viaggia. La mascherina \u00e8 obbligatoria sia in fermata che a bordo, deve essere indossata correttamente (a coprire sia naso che bocca) e deve essere tenuta per tutto il tempo del viaggio. (Solo i minori di 6 anni e persone che hanno problemi di salute sono [...]\" \/>\n<meta property=\"og:url\" content=\"http:\/\/www.contrammobilita.it\/index.php\/decalogo-contram-mobilita-n2\/\" \/>\n<meta property=\"og:site_name\" content=\"Contram Mobilit\u00e0\" \/>\n<meta property=\"article:modified_time\" content=\"2023-11-13T09:39:18+00:00\" \/>\n<meta name=\"twitter:label1\" content=\"Tempo di lettura stimato\" \/>\n\t<meta name=\"twitter:data1\" content=\"1 minuto\" \/>\n<script type=\"application\/ld+json\" class=\"yoast-schema-graph\">{\"@context\":\"https:\/\/schema.org\",\"@graph\":[{\"@type\":\"WebPage\",\"@id\":\"http:\/\/www.contrammobilita.it\/index.php\/decalogo-contram-mobilita-n2\/\",\"url\":\"http:\/\/www.contrammobilita.it\/index.php\/decalogo-contram-mobilita-n2\/\",\"name\":\"DECALOGO CONTRAM MOBILITA' N\u00b02 - Contram Mobilit\u00e0\",\"isPartOf\":{\"@id\":\"http:\/\/www.contrammobilita.it\/#website\"},\"datePublished\":\"2021-01-20T13:16:19+00:00\",\"dateModified\":\"2023-11-13T09:39:18+00:00\",\"breadcrumb\":{\"@id\":\"http:\/\/www.contrammobilita.it\/index.php\/decalogo-contram-mobilita-n2\/#breadcrumb\"},\"inLanguage\":\"it-IT\",\"potentialAction\":[{\"@type\":\"ReadAction\",\"target\":[\"http:\/\/www.contrammobilita.it\/index.php\/decalogo-contram-mobilita-n2\/\"]}]},{\"@type\":\"BreadcrumbList\",\"@id\":\"http:\/\/www.contrammobilita.it\/index.php\/decalogo-contram-mobilita-n2\/#breadcrumb\",\"itemListElement\":[{\"@type\":\"ListItem\",\"position\":1,\"name\":\"Home\",\"item\":\"https:\/\/www.contrammobilita.it\/\"},{\"@type\":\"ListItem\",\"position\":2,\"name\":\"DECALOGO CONTRAM MOBILITA&#8217; N\u00b02\"}]},{\"@type\":\"WebSite\",\"@id\":\"http:\/\/www.contrammobilita.it\/#website\",\"url\":\"http:\/\/www.contrammobilita.it\/\",\"name\":\"Contram Mobilit\u00e0\",\"description\":\"Societ\u00e0 di gestione del TPL extraurbano della provincia di Macerata\",\"potentialAction\":[{\"@type\":\"SearchAction\",\"target\":{\"@type\":\"EntryPoint\",\"urlTemplate\":\"http:\/\/www.contrammobilita.it\/?s={search_term_string}\"},\"query-input\":{\"@type\":\"PropertyValueSpecification\",\"valueRequired\":true,\"valueName\":\"search_term_string\"}}],\"inLanguage\":\"it-IT\"}]}<\/script>\n<!-- \/ Yoast SEO plugin. -->","yoast_head_json":{"title":"DECALOGO CONTRAM MOBILITA' N\u00b02 - Contram Mobilit\u00e0","robots":{"index":"index","follow":"follow","max-snippet":"max-snippet:-1","max-image-preview":"max-image-preview:large","max-video-preview":"max-video-preview:-1"},"canonical":"http:\/\/www.contrammobilita.it\/index.php\/decalogo-contram-mobilita-n2\/","og_locale":"it_IT","og_type":"article","og_title":"DECALOGO CONTRAM MOBILITA' N\u00b02 - Contram Mobilit\u00e0","og_description":"La mascherina \u00e8 un requisito obbligatorio. Senza mascherina, non si viaggia. La mascherina \u00e8 obbligatoria sia in fermata che a bordo, deve essere indossata correttamente (a coprire sia naso che bocca) e deve essere tenuta per tutto il tempo del viaggio. (Solo i minori di 6 anni e persone che hanno problemi di salute sono [...]","og_url":"http:\/\/www.contrammobilita.it\/index.php\/decalogo-contram-mobilita-n2\/","og_site_name":"Contram Mobilit\u00e0","article_modified_time":"2023-11-13T09:39:18+00:00","twitter_misc":{"Tempo di lettura stimato":"1 minuto"},"schema":{"@context":"https:\/\/schema.org","@graph":[{"@type":"WebPage","@id":"http:\/\/www.contrammobilita.it\/index.php\/decalogo-contram-mobilita-n2\/","url":"http:\/\/www.contrammobilita.it\/index.php\/decalogo-contram-mobilita-n2\/","name":"DECALOGO CONTRAM MOBILITA' N\u00b02 - Contram Mobilit\u00e0","isPartOf":{"@id":"http:\/\/www.contrammobilita.it\/#website"},"datePublished":"2021-01-20T13:16:19+00:00","dateModified":"2023-11-13T09:39:18+00:00","breadcrumb":{"@id":"http:\/\/www.contrammobilita.it\/index.php\/decalogo-contram-mobilita-n2\/#breadcrumb"},"inLanguage":"it-IT","potentialAction":[{"@type":"ReadAction","target":["http:\/\/www.contrammobilita.it\/index.php\/decalogo-contram-mobilita-n2\/"]}]},{"@type":"BreadcrumbList","@id":"http:\/\/www.contrammobilita.it\/index.php\/decalogo-contram-mobilita-n2\/#breadcrumb","itemListElement":[{"@type":"ListItem","position":1,"name":"Home","item":"https:\/\/www.contrammobilita.it\/"},{"@type":"ListItem","position":2,"name":"DECALOGO CONTRAM MOBILITA&#8217; N\u00b02"}]},{"@type":"WebSite","@id":"http:\/\/www.contrammobilita.it\/#website","url":"http:\/\/www.contrammobilita.it\/","name":"Contram Mobilit\u00e0","description":"Societ\u00e0 di gestione del TPL extraurbano della provincia di Macerata","potentialAction":[{"@type":"SearchAction","target":{"@type":"EntryPoint","urlTemplate":"http:\/\/www.contrammobilita.it\/?s={search_term_string}"},"query-input":{"@type":"PropertyValueSpecification","valueRequired":true,"valueName":"search_term_string"}}],"inLanguage":"it-IT"}]}},"publishpress_future_action":{"enabled":false,"date":"2026-04-28 10:41:00","action":"change-status","newStatus":"draft","terms":[],"taxonomy":"","extraData":[]},"publishpress_future_workflow_manual_trigger":{"enabledWorkflows":[]},"_links":{"self":[{"href":"https:\/\/www.contrammobilita.it\/index.php\/wp-json\/wp\/v2\/pages\/2098","targetHints":{"allow":["GET"]}}],"collection":[{"href":"https:\/\/www.contrammobilita.it\/index.php\/wp-json\/wp\/v2\/pages"}],"about":[{"href":"https:\/\/www.contrammobilita.it\/index.php\/wp-json\/wp\/v2\/types\/page"}],"author":[{"embeddable":true,"href":"https:\/\/www.contrammobilita.it\/index.php\/wp-json\/wp\/v2\/users\/3"}],"replies":[{"embeddable":true,"href":"https:\/\/www.contrammobilita.it\/index.php\/wp-json\/wp\/v2\/comments?post=2098"}],"version-history":[{"count":3,"href":"https:\/\/www.contrammobilita.it\/index.php\/wp-json\/wp\/v2\/pages\/2098\/revisions"}],"predecessor-version":[{"id":2340,"href":"https:\/\/www.contrammobilita.it\/index.php\/wp-json\/wp\/v2\/pages\/2098\/revisions\/2340"}],"wp:attachment":[{"href":"https:\/\/www.contrammobilita.it\/index.php\/wp-json\/wp\/v2\/media?parent=2098"}],"curies":[{"name":"wp","href":"https:\/\/api.w.org\/{rel}","templated":true}]}}